{"id":18,"date":"2019-03-17T18:06:01","date_gmt":"2019-03-17T17:06:01","guid":{"rendered":"http:\/\/www.olafszuba.com\/wordpress\/?page_id=18"},"modified":"2019-03-25T22:53:19","modified_gmt":"2019-03-25T21:53:19","slug":"18-2","status":"publish","type":"page","link":"http:\/\/www.olafszuba.com\/wordpress\/","title":{"rendered":"HOME"},"content":{"rendered":"\n<figure class=\"wp-block-image\"><img loading=\"lazy\" decoding=\"async\" width=\"473\" height=\"405\" id=\"home_image\" src=\"http:\/\/www.olafszuba.com\/wordpress\/wp-content\/uploads\/2019\/03\/olaf-szuba_logo_obszar-roboczy-25-kopia-3.png\" alt=\"\" class=\"wp-image-20\" srcset=\"http:\/\/www.olafszuba.com\/wordpress\/wp-content\/uploads\/2019\/03\/olaf-szuba_logo_obszar-roboczy-25-kopia-3.png 473w, http:\/\/www.olafszuba.com\/wordpress\/wp-content\/uploads\/2019\/03\/olaf-szuba_logo_obszar-roboczy-25-kopia-3-300x257.png 300w\" sizes=\"auto, (max-width: 473px) 100vw, 473px\" \/><\/figure>\n\n\n\n<p id=\"home_spec\">TRAUMATOLOGIA<br>CHIRURGIA R\u0118KI<\/p>\n\n\n\n<p id=\"home_citation\"><em>Mo\u017cna zatraci\u0107 sprawno\u015b\u0107 oczu, zaniedbuj\u0105c sprawno\u015b\u0107 r\u0105k.<\/em> <\/p>\n\n\n\n<p id=\"home_author\" style=\"\"><em>Adam Mickiewicz<\/em><\/p>\n","protected":false},"excerpt":{"rendered":"<p>TRAUMATOLOGIACHIRURGIA R\u0118KI Mo\u017cna zatraci\u0107 sprawno\u015b\u0107 oczu, zaniedbuj\u0105c sprawno\u015b\u0107 r\u0105k. Adam Mickiewicz<\/p>\n","protected":false},"author":2,"featured_media":0,"parent":0,"menu_order":0,"comment_status":"closed","ping_status":"closed","template":"","meta":{"_monsterinsights_skip_tracking":false,"_monsterinsights_sitenote_active":false,"_monsterinsights_sitenote_note":"","_monsterinsights_sitenote_category":0,"footnotes":""},"class_list":["post-18","page","type-page","status-publish","hentry"],"_links":{"self":[{"href":"http:\/\/www.olafszuba.com\/wordpress\/index.php\/wp-json\/wp\/v2\/pages\/18","targetHints":{"allow":["GET"]}}],"collection":[{"href":"http:\/\/www.olafszuba.com\/wordpress\/index.php\/wp-json\/wp\/v2\/pages"}],"about":[{"href":"http:\/\/www.olafszuba.com\/wordpress\/index.php\/wp-json\/wp\/v2\/types\/page"}],"author":[{"embeddable":true,"href":"http:\/\/www.olafszuba.com\/wordpress\/index.php\/wp-json\/wp\/v2\/users\/2"}],"replies":[{"embeddable":true,"href":"http:\/\/www.olafszuba.com\/wordpress\/index.php\/wp-json\/wp\/v2\/comments?post=18"}],"version-history":[{"count":9,"href":"http:\/\/www.olafszuba.com\/wordpress\/index.php\/wp-json\/wp\/v2\/pages\/18\/revisions"}],"predecessor-version":[{"id":103,"href":"http:\/\/www.olafszuba.com\/wordpress\/index.php\/wp-json\/wp\/v2\/pages\/18\/revisions\/103"}],"wp:attachment":[{"href":"http:\/\/www.olafszuba.com\/wordpress\/index.php\/wp-json\/wp\/v2\/media?parent=18"}],"curies":[{"name":"wp","href":"https:\/\/api.w.org\/{rel}","templated":true}]}}