{"id":270,"date":"2020-09-05T21:56:19","date_gmt":"2020-09-05T19:56:19","guid":{"rendered":"http:\/\/www.olafszuba.com\/wordpress\/?page_id=270"},"modified":"2020-09-05T21:56:20","modified_gmt":"2020-09-05T19:56:20","slug":"blog","status":"publish","type":"page","link":"http:\/\/www.olafszuba.com\/wordpress\/index.php\/blog\/","title":{"rendered":"Blog"},"content":{"rendered":"<ul class=\"wp-block-latest-posts__list has-dates wp-block-latest-posts\"><li><a class=\"wp-block-latest-posts__post-title\" href=\"http:\/\/www.olafszuba.com\/wordpress\/index.php\/2020\/09\/06\/palec-strzelajacy\/\">Palec strzelaj\u0105cy<\/a><time datetime=\"2020-09-06T00:45:07+02:00\" class=\"wp-block-latest-posts__post-date\">6 wrze\u015bnia 2020<\/time><div class=\"wp-block-latest-posts__post-excerpt\">Definicja Palec zatrzaskuj\u0105cy lub strzelaj\u0105cy to jednostka chorobowa z grupy zaciskaj\u0105cych przewlek\u0142ych zapale\u0144 pochewek \u015bci\u0119gien. Klinicznie objawia si\u0119 przeskakiwaniem, blokowaniem si\u0119 palca podczas jego zginania sk\u0105d pochodzi nazwa tej jednostki chorobowej. W przypadkach o bardziej ostrym przebiegu, bardziej charakterystyczny jest b\u00f3l zlokalizowany po stronie d\u0142oniowej u podstawy palca dystalnie od kresy zgi\u0119ciowej w rzucie mniej &hellip; <\/div><\/li>\n<li><a class=\"wp-block-latest-posts__post-title\" href=\"http:\/\/www.olafszuba.com\/wordpress\/index.php\/2020\/05\/04\/walant-wiecej-niz-znieczulenie-regionalne\/\">WALANT, wi\u0119cej ni\u017c znieczulenie regionalne<\/a><time datetime=\"2020-05-04T22:48:18+02:00\" class=\"wp-block-latest-posts__post-date\">4 maja 2020<\/time><div class=\"wp-block-latest-posts__post-excerpt\">Akronim WALANT (Wide Awake Local Anaesthesia No Tourniquet) oznacza znieczulenie regionalne niewymagaj\u0105ce zastosowania opaski uciskowej w celu uzyskania niedokrwienia ko\u0144czyny w operowanej okolicy. Brzmi niewinnie, ot znieczulenie regionalne, wydawa\u0142oby si\u0119 dobre do wyci\u0119cia znamienia, drobnej plastyki sk\u00f3ry, ewentualnie dekompresji kana\u0142u nadgarstka. Zakres przeprowadzanych operacji W praktyce jednak WALANT to bro\u0144 znacznie wi\u0119kszego kalibru. Jest to &hellip; <\/div><\/li>\n<li><a class=\"wp-block-latest-posts__post-title\" href=\"http:\/\/www.olafszuba.com\/wordpress\/index.php\/2019\/10\/06\/witaj-instagramie\/\">Witaj Instagramie<\/a><time datetime=\"2019-10-06T01:06:29+02:00\" class=\"wp-block-latest-posts__post-date\">6 pa\u017adziernika 2019<\/time><div class=\"wp-block-latest-posts__post-excerpt\">Od sierpnia mo\u017cna znale\u017a\u0107 m\u00f3j profil w portalu instagram. Funkcjonuj\u0119 w nim pod nickiem olafszuba_handsurgeon. Powoli wdra\u017cam si\u0119 ten rodzaj aktywno\u015bci, a przez to promocji tego czym si\u0119 zajmuj\u0119. Mam nadziej\u0119, \u017ce r\u00f3wnie\u017c w ten spos\u00f3b \u0142atwiej b\u0119dzie mi trafi\u0107 do moich ewentualnych pacjent\u00f3w poszukuj\u0105cych w internecie informacji o ich problemach z r\u0119kami.<\/div><\/li>\n<\/ul>","protected":false},"excerpt":{"rendered":"","protected":false},"author":2,"featured_media":0,"parent":0,"menu_order":0,"comment_status":"closed","ping_status":"closed","template":"","meta":{"_monsterinsights_skip_tracking":false,"_monsterinsights_sitenote_active":false,"_monsterinsights_sitenote_note":"","_monsterinsights_sitenote_category":0,"footnotes":""},"class_list":["post-270","page","type-page","status-publish","hentry"],"_links":{"self":[{"href":"http:\/\/www.olafszuba.com\/wordpress\/index.php\/wp-json\/wp\/v2\/pages\/270","targetHints":{"allow":["GET"]}}],"collection":[{"href":"http:\/\/www.olafszuba.com\/wordpress\/index.php\/wp-json\/wp\/v2\/pages"}],"about":[{"href":"http:\/\/www.olafszuba.com\/wordpress\/index.php\/wp-json\/wp\/v2\/types\/page"}],"author":[{"embeddable":true,"href":"http:\/\/www.olafszuba.com\/wordpress\/index.php\/wp-json\/wp\/v2\/users\/2"}],"replies":[{"embeddable":true,"href":"http:\/\/www.olafszuba.com\/wordpress\/index.php\/wp-json\/wp\/v2\/comments?post=270"}],"version-history":[{"count":1,"href":"http:\/\/www.olafszuba.com\/wordpress\/index.php\/wp-json\/wp\/v2\/pages\/270\/revisions"}],"predecessor-version":[{"id":271,"href":"http:\/\/www.olafszuba.com\/wordpress\/index.php\/wp-json\/wp\/v2\/pages\/270\/revisions\/271"}],"wp:attachment":[{"href":"http:\/\/www.olafszuba.com\/wordpress\/index.php\/wp-json\/wp\/v2\/media?parent=270"}],"curies":[{"name":"wp","href":"https:\/\/api.w.org\/{rel}","templated":true}]}}