{"id":48,"date":"2019-03-17T19:19:36","date_gmt":"2019-03-17T18:19:36","guid":{"rendered":"http:\/\/www.olafszuba.com\/wordpress\/?page_id=48"},"modified":"2019-05-29T21:54:39","modified_gmt":"2019-05-29T19:54:39","slug":"kontakt","status":"publish","type":"page","link":"http:\/\/www.olafszuba.com\/wordpress\/index.php\/kontakt\/","title":{"rendered":"KONTAKT"},"content":{"rendered":"\n<div class=\"wp-block-columns has-2-columns is-layout-flex wp-container-core-columns-is-layout-9d6595d7 wp-block-columns-is-layout-flex\">\n<div class=\"wp-block-column is-layout-flow wp-block-column-is-layout-flow\">\n<p style=\"font-size:25px\">\n\nMasz pytania? Napisz do mnie.\n\n<\/p>\n\n\n<div class=\"ufbl-form-wrapper ufbl-default-template\" style=\"width:100%;\">\r\n    <form method=\"post\" action=\"\" class=\"ufbl-front-form\">\r\n\t\t\t\t\t\t<input type=\"hidden\" name=\"form_id\" value=\"1\" class=\"form-id\"\/>\r\n\t\t\t\t\t\t\t\t<div class=\"ufbl-form-field-wrap \" >\r\n\t\t\t\t\t\t\t<label>Jak si\u0119 nazywasz?<\/label>\r\n\t\t\t\t\t\t\t<div class=\"ufbl-form-field\">\r\n\t\t\t\t\t\t\t\t<input type=\"text\" name=\"ufbl_field_2\" class=\"ufbl-form-textfield ufbl-required\" data-max-chars=\"\" data-min-chars=\"3\" data-error-message=\"Prosz\u0119 poda\u0107 swoje imi\u0119 i nazwisko\" placeholder=\"Imi\u0119 i Nazwisko\" value=\"\"\/>\r\n\t\t\t\t\t\t\t\t<div class=\"ufbl-error\"  data-error-key=\"ufbl_field_2\"><\/div>\r\n\t\t\t\t\t\t\t<\/div>\r\n\t\t\t\t\t\t<\/div>\r\n\t\t\t\t\t\t\t\t\t\t\t\t<div class=\"ufbl-form-field-wrap email\" >\r\n\t\t\t\t\t\t\t<label>Podaj sw\u00f3j e-mail, abym m\u00f3g\u0142 odpowiedzie\u0107:<\/label>\r\n\t\t\t\t\t\t\t<div class=\"ufbl-form-field\">\r\n\t\t\t\t\t\t\t\t<input type=\"email\" name=\"ufbl_field_3\" class=\"ufbl-email-field ufbl-required\" data-error-message=\"\" placeholder=\"Wprowad\u017a adres email\" value=\"\"\/>\r\n\t\t\t\t\t\t\t\t<div class=\"ufbl-error\"  data-error-key=\"ufbl_field_3\"><\/div>\r\n\t\t\t\t\t\t\t<\/div>\r\n\t\t\t\t\t\t<\/div>\r\n\t\t\t\t\t\t\t\t\t\t\t\t<div class=\"ufbl-form-field-wrap \" >\r\n\t\t\t\t\t\t\t<label>W czym mog\u0119 pom\u00f3c?<\/label>\r\n\t\t\t\t\t\t\t<div class=\"ufbl-form-field\">\r\n\t\t\t\t\t\t\t\t<textarea name=\"ufbl_field_4\" class=\"ufbl-form-textarea ufbl-required\" data-max-chars=\"1000\" data-min-chars=\"\" data-error-message=\"Prosz\u0119 okre\u015bli\u0107 problem, w kt\u00f3rym mog\u0119 pom\u00f3c.\" rows=\"5\" cols=\"10\" placeholder=\"Wpisz swoj\u0105 wiadomo\u015b\u0107\"><\/textarea>\r\n\t\t\t\t\t\t\t\t<div class=\"ufbl-error\"  data-error-key=\"ufbl_field_4\"><\/div>\r\n\t\t\t\t\t\t\t<\/div>\r\n\t\t\t\t\t\t<\/div>\r\n\t\t\t\t\t\t\t\t\t\t\t\t<div class=\"ufbl-form-field-wrap \" >\r\n\t\t\t\t\t\t\t<label><\/label>\r\n\t\t\t\t\t\t\t<div class=\"ufbl-form-field\">\r\n\t\t\t\t\t\t\t\t\t\t\t\t\t\t\t\t\t<div class=\"ufbl-math-captcha-wrap\">\r\n\t\t\t\t\t\t\t\t\t\t<span class=\"ufbl-captcha-num\">1<\/span> + <span>4<\/span> = <input type=\"text\" name=\"ufbl_field_6\" class=\"ufbl-math-captcha-ans\" placeholder=\"Wprowad\u017a wynik\"\/>\r\n\t\t\t\t\t\t\t\t\t\t<input type=\"hidden\" name=\"ufbl_field_6_num_1\" value=\"1\"\/>\r\n\t\t\t\t\t\t\t\t\t\t<input type=\"hidden\" name=\"ufbl_field_6_num_2\" value=\"4\"\/>\r\n\t\t\t\t\t\t\t\t\t<\/div>\r\n\t\t\t\t\t\t\t\t\r\n\t\t\t\t\t\t\t\t<div class=\"ufbl-error\" data-error-key=\"ufbl_field_6\"><\/div>\r\n\t\t\t\t\t\t\t<\/div>\r\n\t\t\t\t\t\t<\/div>\r\n\t\t\t\t\t\t\t\t\t\t\t\t<div class=\"ufbl-form-field-wrap \" >\r\n\t\t\t\t\t\t\t<div class=\"ufbl-form-field\">\r\n\t\t\t\t\t\t\t\t<input type=\"submit\" class=\"ufbl-form-submit\" name=\"ufbl_field_1\" value=\"Wy\u015blij\"\/>\r\n\t\t\t\t\t\t\t\t\t\t\t\t\t\t\t\t<span class=\"ufbl-form-loader\" style=\"display:none\"><\/span>\r\n\t\t\t\t\t\t\t<\/div>\r\n\t\t\t\t\t\t<\/div>\r\n\t\t\t\t\t\t\t\t<div class=\"ufbl-form-message\" style=\"display: none;\"><\/div>\r\n\r\n\t\t\t<\/form>\r\n\r\n<\/div>\r\n\r\n\n<\/div>\n\n\n\n<div class=\"wp-block-column is-layout-flow wp-block-column-is-layout-flow\">\n<div class=\"wp-block-image\"><figure class=\"aligncenter is-resized\"><img decoding=\"async\" src=\"http:\/\/www.olafszuba.com\/wordpress\/wp-content\/uploads\/2019\/05\/szuba.jpg\" alt=\"Olaf Szuba\" class=\"wp-image-198\" width=\"400\" srcset=\"http:\/\/www.olafszuba.com\/wordpress\/wp-content\/uploads\/2019\/05\/szuba.jpg 400w, http:\/\/www.olafszuba.com\/wordpress\/wp-content\/uploads\/2019\/05\/szuba-300x203.jpg 300w\" sizes=\"(max-width: 400px) 100vw, 400px\" \/><\/figure><\/div>\n<\/div>\n<\/div>\n","protected":false},"excerpt":{"rendered":"<p>Masz pytania? Napisz do mnie.<\/p>\n","protected":false},"author":2,"featured_media":0,"parent":0,"menu_order":3,"comment_status":"closed","ping_status":"closed","template":"","meta":{"_monsterinsights_skip_tracking":false,"_monsterinsights_sitenote_active":false,"_monsterinsights_sitenote_note":"","_monsterinsights_sitenote_category":0,"footnotes":""},"class_list":["post-48","page","type-page","status-publish","hentry"],"_links":{"self":[{"href":"http:\/\/www.olafszuba.com\/wordpress\/index.php\/wp-json\/wp\/v2\/pages\/48","targetHints":{"allow":["GET"]}}],"collection":[{"href":"http:\/\/www.olafszuba.com\/wordpress\/index.php\/wp-json\/wp\/v2\/pages"}],"about":[{"href":"http:\/\/www.olafszuba.com\/wordpress\/index.php\/wp-json\/wp\/v2\/types\/page"}],"author":[{"embeddable":true,"href":"http:\/\/www.olafszuba.com\/wordpress\/index.php\/wp-json\/wp\/v2\/users\/2"}],"replies":[{"embeddable":true,"href":"http:\/\/www.olafszuba.com\/wordpress\/index.php\/wp-json\/wp\/v2\/comments?post=48"}],"version-history":[{"count":8,"href":"http:\/\/www.olafszuba.com\/wordpress\/index.php\/wp-json\/wp\/v2\/pages\/48\/revisions"}],"predecessor-version":[{"id":202,"href":"http:\/\/www.olafszuba.com\/wordpress\/index.php\/wp-json\/wp\/v2\/pages\/48\/revisions\/202"}],"wp:attachment":[{"href":"http:\/\/www.olafszuba.com\/wordpress\/index.php\/wp-json\/wp\/v2\/media?parent=48"}],"curies":[{"name":"wp","href":"https:\/\/api.w.org\/{rel}","templated":true}]}}